{"id":159,"date":"2019-09-18T04:57:54","date_gmt":"2019-09-18T04:57:54","guid":{"rendered":"https:\/\/the7.io\/yoga\/?page_id=159"},"modified":"2023-07-21T01:27:57","modified_gmt":"2023-07-20T23:27:57","slug":"contact","status":"publish","type":"page","link":"https:\/\/moissyfitness.com\/index.php\/contact\/","title":{"rendered":"Contact"},"content":{"rendered":"<p>[vc_row full_width=\u00a0\u00bbstretch_row_content_no_spaces\u00a0\u00bb equal_height=\u00a0\u00bbyes\u00a0\u00bb content_placement=\u00a0\u00bbtop\u00a0\u00bb][vc_column width=\u00a0\u00bb1\/2&Prime; css=\u00a0\u00bb.vc_custom_1571562230026{padding-top: 50px !important;padding-right: 50px !important;padding-bottom: 20px !important;padding-left: 50px !important;background-color: #fbfafa !important;}\u00a0\u00bb]<div id=\"ultimate-heading-813869f26eb954fb8\" class=\"uvc-heading ult-adjust-bottom-margin ultimate-heading-813869f26eb954fb8 uvc-2588  uvc-heading-default-font-sizes\" data-hspacer=\"no_spacer\"  data-halign=\"left\" style=\"text-align:left\"><div class=\"uvc-heading-spacer no_spacer\" style=\"top\"><\/div><div class=\"uvc-main-heading ult-responsive\"  data-ultimate-target='.uvc-heading.ultimate-heading-813869f26eb954fb8 h2'  data-responsive-json-new='{\"font-size\":\"\",\"line-height\":\"\"}' ><h2 style=\"--font-weight:theme;margin-bottom:30px;\">Nous sommes juste ici<\/h2><\/div><\/div><div class='ult_hotspot_container ult-adjust-bottom-margin ult-hotspot-tooltip-wrapper ' style=>  <img class='ult_hotspot_image' src=https:\/\/moissyfitness.com\/wp-content\/uploads\/2022\/05\/MOISSY-FITNESS-ADRESSE.jpg alt='null'\/>     <div class='utl-hotspot-items ult-hotspot-item'><div class='ult-hotspot-item  ' style='top:-webkit-calc(52.791885532486035% - 22px);top:-moz-calc(52.791885532486035% - 22px);top:calc(52.791885532486035% - 22px);left: -webkit-calc(29.168016777375744% - 22px);left: -moz-calc(29.168016777375744% - 22px);left: calc(29.168016777375744% - 22px);' >  <div style='z-index: 39;position: relative;'>   <a data-link_style='simple' class='ult-tooltipstered ult-hotspot-tooltip' href=\"https:\/\/www.google.com\/maps\/place\/Moissy+Fitness\/@48.6262661,2.5831069,19z\/data=!4m5!3m4!1s0x47e5e3a1229acdd9:0xc3e6bd5477f8123a!8m2!3d48.6263734!4d2.5833681?hl=es\" target=\"_blank\" rel=\"noopener\"  data-status='hide'><div class=\"ult-just-icon-wrapper  \"><div class=\"align-icon\" style=\"text-align:center;\">\n<div class=\"aio-icon  \"  style=\"color:#979fa3;font-size:44px;display:inline-block;\">\n\t<i class=\"icomoon-the7-font-the7-map-04\"><\/i>\n<\/div><\/div><\/div>  <\/a> <\/div><!-- ICON WRAP --> <div class='ult-glow' ><\/div><\/div>\n<\/div>     <div style='color:#000;' data-image='    '><\/div><\/div><div id=\"ultimate-heading-76569f26eb9556f3\" class=\"uvc-heading ult-adjust-bottom-margin ultimate-heading-76569f26eb9556f3 uvc-2450  uvc-heading-default-font-sizes\" data-hspacer=\"no_spacer\"  data-halign=\"left\" style=\"text-align:left\"><div class=\"uvc-heading-spacer no_spacer\" style=\"top\"><\/div><div class=\"uvc-sub-heading ult-responsive\"  data-ultimate-target='.uvc-heading.ultimate-heading-76569f26eb9556f3 .uvc-sub-heading '  data-responsive-json-new='{\"font-size\":\"\",\"line-height\":\"\"}'  style=\"font-weight:normal;margin-bottom:30px;\">Notre \u00e9quipe est toujours pr\u00e9sente lors des cours propos\u00e9s, n&rsquo;h\u00e9site pas \u00e0 t&rsquo;adresser \u00e0 l&rsquo;un de nos coachs ou \u00e0 un des nos membres du bureau si c&rsquo;est la premi\u00e8re fois que tu viens.<\/p>\n<p>Nous sommes exactement ici :\u00a0\u00a0<strong>178 Rue des Marronniers, Salle de Danse A<br \/>\n<\/strong>77550 Moissy-Cramayel<\/div><\/div>[\/vc_column][vc_column width=\u00a0\u00bb1\/2&Prime; css=\u00a0\u00bb.vc_custom_1571562136338{padding-top: 50px !important;padding-right: 50px !important;padding-bottom: 50px !important;padding-left: 50px !important;background-color: #ececec !important;}\u00a0\u00bb]<div id=\"ultimate-heading-332669f26eb955714\" class=\"uvc-heading ult-adjust-bottom-margin ultimate-heading-332669f26eb955714 uvc-9042  uvc-heading-default-font-sizes\" data-hspacer=\"no_spacer\"  data-halign=\"left\" style=\"text-align:left\"><div class=\"uvc-heading-spacer no_spacer\" style=\"top\"><\/div><div class=\"uvc-main-heading ult-responsive\"  data-ultimate-target='.uvc-heading.ultimate-heading-332669f26eb955714 h2'  data-responsive-json-new='{\"font-size\":\"\",\"line-height\":\"\"}' ><h2 style=\"--font-weight:theme;margin-bottom:30px;\">Retrouve Nous<\/h2><\/div><div class=\"uvc-sub-heading ult-responsive\"  data-ultimate-target='.uvc-heading.ultimate-heading-332669f26eb955714 .uvc-sub-heading '  data-responsive-json-new='{\"font-size\":\"\",\"line-height\":\"\"}'  style=\"font-weight:normal;margin-bottom:30px;\"><strong>178 Rue des Marronniers,<\/strong><br \/>\n<strong>Espace de Lugny, Salle de danse A<\/strong><br \/>\n<strong>77550 Moissy Cramayel<\/strong><\/p>\n<p>Nous restons joignables par t\u00e9l\u00e9phone ou tu peux aussi nous \u00e9crire sur WhatsApp au :<\/p>\n<p><strong>+33 6 14 31 85 09<\/strong><\/p>\n<p>Ou par mail :<\/div><\/div><div role=\"form\" class=\"wpcf7\" id=\"wpcf7-f13-o1\" lang=\"fr-FR\" dir=\"ltr\">\n<div class=\"screen-reader-response\"><p role=\"status\" aria-live=\"polite\" aria-atomic=\"true\"><\/p> <ul><\/ul><\/div>\n<form action=\"\/index.php\/wp-json\/wp\/v2\/pages\/159#wpcf7-f13-o1\" method=\"post\" class=\"wpcf7-form init\" novalidate=\"novalidate\" data-status=\"init\">\n<div style=\"display: none;\">\n<input type=\"hidden\" name=\"_wpcf7\" value=\"13\" \/>\n<input type=\"hidden\" name=\"_wpcf7_version\" value=\"5.6.3\" \/>\n<input type=\"hidden\" name=\"_wpcf7_locale\" value=\"fr_FR\" \/>\n<input type=\"hidden\" name=\"_wpcf7_unit_tag\" value=\"wpcf7-f13-o1\" \/>\n<input type=\"hidden\" name=\"_wpcf7_container_post\" value=\"0\" \/>\n<input type=\"hidden\" name=\"_wpcf7_posted_data_hash\" value=\"\" \/>\n<\/div>\n<p><label> Ton Nom et Pr\u00e9nom<br \/>\n    <span class=\"wpcf7-form-control-wrap\" data-name=\"your-name\"><input type=\"text\" name=\"your-name\" value=\"\" size=\"40\" class=\"wpcf7-form-control wpcf7-text wpcf7-validates-as-required\" aria-required=\"true\" aria-invalid=\"false\" \/><\/span> <\/label><\/p>\n<p><label> Ton e-mail<br \/>\n    <span class=\"wpcf7-form-control-wrap\" data-name=\"your-email\"><input type=\"email\" name=\"your-email\" value=\"\" size=\"40\" class=\"wpcf7-form-control wpcf7-text wpcf7-email wpcf7-validates-as-required wpcf7-validates-as-email\" aria-required=\"true\" aria-invalid=\"false\" \/><\/span> <\/label><\/p>\n<p><label> Objet<br \/>\n    <span class=\"wpcf7-form-control-wrap\" data-name=\"your-subject\"><input type=\"text\" name=\"your-subject\" value=\"\" size=\"40\" class=\"wpcf7-form-control wpcf7-text wpcf7-validates-as-required\" aria-required=\"true\" aria-invalid=\"false\" \/><\/span> <\/label><\/p>\n<p><label> Ton message<br \/>\n    <span class=\"wpcf7-form-control-wrap\" data-name=\"your-message\"><textarea name=\"your-message\" cols=\"40\" rows=\"10\" class=\"wpcf7-form-control wpcf7-textarea wpcf7-validates-as-required\" aria-required=\"true\" aria-invalid=\"false\"><\/textarea><\/span> <\/label><\/p>\n<p><input type=\"submit\" value=\"Envoyer\" class=\"wpcf7-form-control has-spinner wpcf7-submit\" \/><\/p>\n<div class=\"wpcf7-response-output\" aria-hidden=\"true\"><\/div><\/form><\/div><div id=\"ultimate-heading-312669f26eb955c07\" class=\"uvc-heading ult-adjust-bottom-margin ultimate-heading-312669f26eb955c07 uvc-90  uvc-heading-default-font-sizes\" data-hspacer=\"no_spacer\"  data-halign=\"left\" style=\"text-align:left\"><div class=\"uvc-heading-spacer no_spacer\" style=\"top\"><\/div><div class=\"uvc-sub-heading ult-responsive\"  data-ultimate-target='.uvc-heading.ultimate-heading-312669f26eb955c07 .uvc-sub-heading '  data-responsive-json-new='{\"font-size\":\"\",\"line-height\":\"\"}'  style=\"font-weight:normal;margin-bottom:30px;\"><strong>contact@moissyfitness.com<\/strong><\/p>\n<p>Retrouve nous aussi sur nos r\u00e9seaux sociaux en cliquant juste ici :<\/div><\/div><style type=\"text\/css\" data-type=\"the7_shortcodes-inline-css\">.dt-shortcode-soc-icons.soc-icons-cb68014edf1faece5dcac95c19426bc0 a {\n  margin-right: 10px;\n}\n.dt-shortcode-soc-icons a.soc-icons-cb68014edf1faece5dcac95c19426bc0 {\n  margin-right: 10px;\n}\n.dt-shortcode-soc-icons a.soc-icons-cb68014edf1faece5dcac95c19426bc0:last-child {\n  margin-right: 0;\n}\n.dt-shortcode-soc-icons a.soc-icons-cb68014edf1faece5dcac95c19426bc0:before,\n.dt-shortcode-soc-icons a.soc-icons-cb68014edf1faece5dcac95c19426bc0:after {\n  padding: inherit;\n}\n.dt-shortcode-soc-icons a.soc-icons-cb68014edf1faece5dcac95c19426bc0.dt-icon-border-on:before {\n  border:  solid ;\n}\n.dt-shortcode-soc-icons a.soc-icons-cb68014edf1faece5dcac95c19426bc0.dt-icon-hover-border-on:after {\n  border:  solid ;\n}\n<\/style><div class=\"dt-shortcode-soc-icons  soc-icons-cb68014edf1faece5dcac95c19426bc0 soc-icons-left \" ><style type=\"text\/css\" data-type=\"the7_shortcodes-inline-css\">.dt-shortcode-soc-icons a.single-soc-icon-ed9d4ed36645ba0f2ae4df4eb6a74997 {\n  min-width: 46px;\n  min-height: 46px;\n  font-size: 24px;\n  border-radius: 100px;\n}\n.dt-shortcode-soc-icons a.single-soc-icon-ed9d4ed36645ba0f2ae4df4eb6a74997:last-child {\n  margin-right: 0;\n}\n.dt-shortcode-soc-icons a.single-soc-icon-ed9d4ed36645ba0f2ae4df4eb6a74997:before,\n.dt-shortcode-soc-icons a.single-soc-icon-ed9d4ed36645ba0f2ae4df4eb6a74997:after {\n  min-width: 46px;\n  min-height: 46px;\n  padding: inherit;\n}\n.dt-shortcode-soc-icons a.single-soc-icon-ed9d4ed36645ba0f2ae4df4eb6a74997.dt-icon-border-on:before {\n  border: 2px solid #2e2b36;\n}\n.dt-shortcode-soc-icons a.single-soc-icon-ed9d4ed36645ba0f2ae4df4eb6a74997.dt-icon-hover-border-on:after {\n  border: 2px solid ;\n}\n.dt-shortcode-soc-icons a.single-soc-icon-ed9d4ed36645ba0f2ae4df4eb6a74997:hover {\n  font-size: 24px;\n}\n#page .dt-shortcode-soc-icons a.single-soc-icon-ed9d4ed36645ba0f2ae4df4eb6a74997:hover .soc-font-icon,\n#phantom .dt-shortcode-soc-icons a.single-soc-icon-ed9d4ed36645ba0f2ae4df4eb6a74997:hover .soc-font-icon,\n#page .dt-shortcode-soc-icons a.single-soc-icon-ed9d4ed36645ba0f2ae4df4eb6a74997:hover .soc-icon,\n#phantom .dt-shortcode-soc-icons a.single-soc-icon-ed9d4ed36645ba0f2ae4df4eb6a74997:hover .soc-icon {\n  color: #ffffff;\n  background: none;\n}\n#page .dt-shortcode-soc-icons a.single-soc-icon-ed9d4ed36645ba0f2ae4df4eb6a74997.dt-icon-hover-bg-on:after,\n#phantom .dt-shortcode-soc-icons a.single-soc-icon-ed9d4ed36645ba0f2ae4df4eb6a74997.dt-icon-hover-bg-on:after {\n  background: #2e2b36;\n}\n#page .dt-shortcode-soc-icons a.single-soc-icon-ed9d4ed36645ba0f2ae4df4eb6a74997:not(:hover) .soc-font-icon,\n#phantom .dt-shortcode-soc-icons a.single-soc-icon-ed9d4ed36645ba0f2ae4df4eb6a74997:not(:hover) .soc-font-icon,\n#page .dt-shortcode-soc-icons a.single-soc-icon-ed9d4ed36645ba0f2ae4df4eb6a74997:not(:hover) .soc-icon,\n#phantom .dt-shortcode-soc-icons a.single-soc-icon-ed9d4ed36645ba0f2ae4df4eb6a74997:not(:hover) .soc-icon {\n  color: #2e2b36;\n  background: none;\n}\n.dt-shortcode-soc-icons a.single-soc-icon-ed9d4ed36645ba0f2ae4df4eb6a74997 .soc-font-icon,\n.dt-shortcode-soc-icons a.single-soc-icon-ed9d4ed36645ba0f2ae4df4eb6a74997 .soc-icon {\n  font-size: 24px;\n}\n<\/style><a title=\"Facebook\" href=\"https:\/\/www.facebook.com\/profile.php?id=100057608043329\" class=\"facebook single-soc-icon-ed9d4ed36645ba0f2ae4df4eb6a74997 dt-icon-bg-off dt-icon-border-on dt-icon-hover-bg-on  \" ><i class=\"soc-icon soc-font-icon dt-icon-facebook\"><\/i><span class=\"screen-reader-text\">Facebook<\/span><\/a><style type=\"text\/css\" data-type=\"the7_shortcodes-inline-css\">.dt-shortcode-soc-icons a.single-soc-icon-3069da0d793275941f53cd9a260698d6 {\n  min-width: 46px;\n  min-height: 46px;\n  font-size: 24px;\n  border-radius: 100px;\n}\n.dt-shortcode-soc-icons a.single-soc-icon-3069da0d793275941f53cd9a260698d6:last-child {\n  margin-right: 0;\n}\n.dt-shortcode-soc-icons a.single-soc-icon-3069da0d793275941f53cd9a260698d6:before,\n.dt-shortcode-soc-icons a.single-soc-icon-3069da0d793275941f53cd9a260698d6:after {\n  min-width: 46px;\n  min-height: 46px;\n  padding: inherit;\n}\n.dt-shortcode-soc-icons a.single-soc-icon-3069da0d793275941f53cd9a260698d6.dt-icon-border-on:before {\n  border: 2px solid #2e2b36;\n}\n.dt-shortcode-soc-icons a.single-soc-icon-3069da0d793275941f53cd9a260698d6.dt-icon-hover-border-on:after {\n  border: 2px solid ;\n}\n.dt-shortcode-soc-icons a.single-soc-icon-3069da0d793275941f53cd9a260698d6:hover {\n  font-size: 24px;\n}\n#page .dt-shortcode-soc-icons a.single-soc-icon-3069da0d793275941f53cd9a260698d6:hover .soc-font-icon,\n#phantom .dt-shortcode-soc-icons a.single-soc-icon-3069da0d793275941f53cd9a260698d6:hover .soc-font-icon,\n#page .dt-shortcode-soc-icons a.single-soc-icon-3069da0d793275941f53cd9a260698d6:hover .soc-icon,\n#phantom .dt-shortcode-soc-icons a.single-soc-icon-3069da0d793275941f53cd9a260698d6:hover .soc-icon {\n  color: #ffffff;\n  background: none;\n}\n#page .dt-shortcode-soc-icons a.single-soc-icon-3069da0d793275941f53cd9a260698d6.dt-icon-hover-bg-on:after,\n#phantom .dt-shortcode-soc-icons a.single-soc-icon-3069da0d793275941f53cd9a260698d6.dt-icon-hover-bg-on:after {\n  background: #2e2b36;\n}\n#page .dt-shortcode-soc-icons a.single-soc-icon-3069da0d793275941f53cd9a260698d6:not(:hover) .soc-font-icon,\n#phantom .dt-shortcode-soc-icons a.single-soc-icon-3069da0d793275941f53cd9a260698d6:not(:hover) .soc-font-icon,\n#page .dt-shortcode-soc-icons a.single-soc-icon-3069da0d793275941f53cd9a260698d6:not(:hover) .soc-icon,\n#phantom .dt-shortcode-soc-icons a.single-soc-icon-3069da0d793275941f53cd9a260698d6:not(:hover) .soc-icon {\n  color: #2e2b36;\n  background: none;\n}\n.dt-shortcode-soc-icons a.single-soc-icon-3069da0d793275941f53cd9a260698d6 .soc-font-icon,\n.dt-shortcode-soc-icons a.single-soc-icon-3069da0d793275941f53cd9a260698d6 .soc-icon {\n  font-size: 24px;\n}\n<\/style><a title=\"Instagram\" href=\"https:\/\/www.instagram.com\/moissyfitness\/\"  target=\"_blank\"class=\"instagram single-soc-icon-3069da0d793275941f53cd9a260698d6 dt-icon-bg-off dt-icon-border-on dt-icon-hover-bg-on  \" ><i class=\"soc-icon soc-font-icon dt-icon-instagram\"><\/i><span class=\"screen-reader-text\">Instagram<\/span><\/a><\/div>[\/vc_column][\/vc_row]<\/p>\n","protected":false},"excerpt":{"rendered":"<p>[vc_row full_width=\u00a0\u00bbstretch_row_content_no_spaces\u00a0\u00bb equal_height=\u00a0\u00bbyes\u00a0\u00bb content_placement=\u00a0\u00bbtop\u00a0\u00bb][vc_column width=\u00a0\u00bb1\/2&Prime; css=\u00a0\u00bb.vc_custom_1571562230026{padding-top: 50px !important;padding-right: 50px !important;padding-bottom: 20px !important;padding-left: 50px !important;background-color: #fbfafa !important;}\u00a0\u00bb][\/vc_column][vc_column width=\u00a0\u00bb1\/2&Prime; css=\u00a0\u00bb.vc_custom_1571562136338{padding-top: 50px !important;padding-right: 50px !important;padding-bottom: 50px !important;padding-left: 50px !important;background-color: #ececec !important;}\u00a0\u00bb][\/vc_column][\/vc_row]<\/p>\n","protected":false},"author":1,"featured_media":0,"parent":0,"menu_order":0,"comment_status":"closed","ping_status":"closed","template":"","meta":{"footnotes":""},"class_list":["post-159","page","type-page","status-publish","hentry","description-off"],"_links":{"self":[{"href":"https:\/\/moissyfitness.com\/index.php\/wp-json\/wp\/v2\/pages\/159","targetHints":{"allow":["GET"]}}],"collection":[{"href":"https:\/\/moissyfitness.com\/index.php\/wp-json\/wp\/v2\/pages"}],"about":[{"href":"https:\/\/moissyfitness.com\/index.php\/wp-json\/wp\/v2\/types\/page"}],"author":[{"embeddable":true,"href":"https:\/\/moissyfitness.com\/index.php\/wp-json\/wp\/v2\/users\/1"}],"replies":[{"embeddable":true,"href":"https:\/\/moissyfitness.com\/index.php\/wp-json\/wp\/v2\/comments?post=159"}],"version-history":[{"count":20,"href":"https:\/\/moissyfitness.com\/index.php\/wp-json\/wp\/v2\/pages\/159\/revisions"}],"predecessor-version":[{"id":2938,"href":"https:\/\/moissyfitness.com\/index.php\/wp-json\/wp\/v2\/pages\/159\/revisions\/2938"}],"wp:attachment":[{"href":"https:\/\/moissyfitness.com\/index.php\/wp-json\/wp\/v2\/media?parent=159"}],"curies":[{"name":"wp","href":"https:\/\/api.w.org\/{rel}","templated":true}]}}