{"id":637,"date":"2019-10-11T06:53:59","date_gmt":"2019-10-11T06:53:59","guid":{"rendered":"https:\/\/the7.io\/yoga\/?page_id=637"},"modified":"2022-08-23T03:18:00","modified_gmt":"2022-08-23T01:18:00","slug":"nos-partenaires","status":"publish","type":"page","link":"https:\/\/moissyfitness.com\/index.php\/nous\/nos-partenaires\/","title":{"rendered":"Nos Partenaires"},"content":{"rendered":"<p>[vc_row full_width=\u00a0\u00bbstretch_row_content_no_spaces\u00a0\u00bb equal_height=\u00a0\u00bbyes\u00a0\u00bb content_placement=\u00a0\u00bbtop\u00a0\u00bb][vc_column width=\u00a0\u00bb1\/2&Prime; css=\u00a0\u00bb.vc_custom_1571571461349{padding-top: 50px !important;padding-right: 50px !important;padding-bottom: 50px !important;padding-left: 50px !important;background-color: #ececec !important;}\u00a0\u00bb]<style type=\"text\/css\" data-type=\"the7_shortcodes-inline-css\">.shortcode-single-image-wrap.shortcode-single-image-78840082792b0ed472ed0628b94f4a41.enable-bg-rollover .rollover i,\n.shortcode-single-image-wrap.shortcode-single-image-78840082792b0ed472ed0628b94f4a41.enable-bg-rollover .rollover-video i {\n  background: -webkit-linear-gradient();\n  background: linear-gradient();\n}\n.shortcode-single-image-wrap.shortcode-single-image-78840082792b0ed472ed0628b94f4a41 .rollover-icon {\n  font-size: 32px;\n  color: #ffffff;\n  min-width: 44px;\n  min-height: 44px;\n  line-height: 44px;\n  border-radius: 100px;\n  border-style: solid;\n  border-width: 0px;\n}\n.dt-icon-bg-on.shortcode-single-image-wrap.shortcode-single-image-78840082792b0ed472ed0628b94f4a41 .rollover-icon {\n  background: rgba(255,255,255,0.3);\n  box-shadow: none;\n}\n<\/style><div class=\"shortcode-single-image-wrap shortcode-single-image-78840082792b0ed472ed0628b94f4a41 alignnone  vc_custom_1660084583303 enable-bg-rollover dt-icon-bg-off\" ><div class=\"shortcode-single-image\"><div class=\"fancy-media-wrap\" style=\"\"><a href=\"\" class=\" layzr-bg rollover\" style=\"\" aria-label=\"Image\"><img loading=\"lazy\" decoding=\"async\" class=\"preload-me lazy-load\" src=\"data:image\/svg+xml,%3Csvg%20xmlns%3D&#39;http%3A%2F%2Fwww.w3.org%2F2000%2Fsvg&#39;%20viewBox%3D&#39;0%200%201200%20600&#39;%2F%3E\" data-src=\"https:\/\/moissyfitness.com\/wp-content\/uploads\/2022\/08\/01.-CALLBACKPROD-WEBB-SITE-SLIDER-02-scaled-1200x600.jpg\" data-srcset=\"https:\/\/moissyfitness.com\/wp-content\/uploads\/2022\/08\/01.-CALLBACKPROD-WEBB-SITE-SLIDER-02-scaled-1200x600.jpg 1200w, https:\/\/moissyfitness.com\/wp-content\/uploads\/2022\/08\/01.-CALLBACKPROD-WEBB-SITE-SLIDER-02-scaled-1976x988.jpg 1976w\" width=\"1200\" height=\"600\"  data-dt-location=\"https:\/\/moissyfitness.com\/index.php\/nous\/nos-partenaires\/01-callbackprod-webb-site-slider-02\/\" alt=\"\" \/><\/a><\/div><\/div><\/div><div id=\"ultimate-heading-96969f2842762ce7\" class=\"uvc-heading ult-adjust-bottom-margin ultimate-heading-96969f2842762ce7 uvc-2970  uvc-heading-default-font-sizes\" data-hspacer=\"no_spacer\"  data-halign=\"left\" style=\"text-align:left\"><div class=\"uvc-heading-spacer no_spacer\" style=\"top\"><\/div><div class=\"uvc-main-heading ult-responsive\"  data-ultimate-target='.uvc-heading.ultimate-heading-96969f2842762ce7 h2'  data-responsive-json-new='{\"font-size\":\"\",\"line-height\":\"\"}' ><h2 style=\"--font-weight:theme;margin-bottom:20px;\">Call Back Prod -Ensemble, nous enregistrons tes meilleurs moments<\/h2><\/div><div class=\"uvc-sub-heading ult-responsive\"  data-ultimate-target='.uvc-heading.ultimate-heading-96969f2842762ce7 .uvc-sub-heading '  data-responsive-json-new='{\"font-size\":\"\",\"line-height\":\"\"}'  style=\"font-weight:normal;margin-bottom:30px;\">Pour tes spectacles, tes interviews, clips, documentaires, films ou tout projet artistique.<\/div><\/div><style type=\"text\/css\" data-type=\"the7_shortcodes-inline-css\">#default-btn-83f3be83b4cf91392f772bfb8d2dffe3.ico-right-side > i {\n  margin-right: 0px;\n  margin-left: 8px;\n}\n#default-btn-83f3be83b4cf91392f772bfb8d2dffe3 > i {\n  margin-right: 8px;\n}\n<\/style><a href=\"https:\/\/callbackprod.com\/\" class=\"default-btn-shortcode dt-btn dt-btn-m link-hover-off ico-right-side btn-inline-left \" target=\"_blank\" id=\"default-btn-83f3be83b4cf91392f772bfb8d2dffe3\" rel=\"noopener\"><span>D\u00e9couvrir<\/span><i class=\"icomoon-the7-font-the7-link-02\"><\/i><\/a>[\/vc_column][vc_column width=\u00a0\u00bb1\/2&Prime; css=\u00a0\u00bb.vc_custom_1571571538201{padding: 50px !important;background-color: #fbfafa !important;}\u00a0\u00bb]<style type=\"text\/css\" data-type=\"the7_shortcodes-inline-css\">.shortcode-single-image-wrap.shortcode-single-image-19620c628205d97106b5b3e914cd4a8b.enable-bg-rollover .rollover i,\n.shortcode-single-image-wrap.shortcode-single-image-19620c628205d97106b5b3e914cd4a8b.enable-bg-rollover .rollover-video i {\n  background: -webkit-linear-gradient();\n  background: linear-gradient();\n}\n.shortcode-single-image-wrap.shortcode-single-image-19620c628205d97106b5b3e914cd4a8b .rollover-icon {\n  font-size: 32px;\n  color: #ffffff;\n  min-width: 44px;\n  min-height: 44px;\n  line-height: 44px;\n  border-radius: 100px;\n  border-style: solid;\n  border-width: 0px;\n}\n.dt-icon-bg-on.shortcode-single-image-wrap.shortcode-single-image-19620c628205d97106b5b3e914cd4a8b .rollover-icon {\n  background: rgba(255,255,255,0.3);\n  box-shadow: none;\n}\n<\/style><div class=\"shortcode-single-image-wrap shortcode-single-image-19620c628205d97106b5b3e914cd4a8b alignnone  vc_custom_1660084577388 enable-bg-rollover dt-icon-bg-off\" ><div class=\"shortcode-single-image\"><div class=\"fancy-media-wrap\" style=\"\"><a href=\"\" class=\" layzr-bg rollover\" style=\"\" aria-label=\"Image\"><img loading=\"lazy\" decoding=\"async\" class=\"preload-me lazy-load\" src=\"data:image\/svg+xml,%3Csvg%20xmlns%3D&#39;http%3A%2F%2Fwww.w3.org%2F2000%2Fsvg&#39;%20viewBox%3D&#39;0%200%201200%20600&#39;%2F%3E\" data-src=\"https:\/\/moissyfitness.com\/wp-content\/uploads\/2022\/08\/003.-ESPACE-BRODERIE-1200x600.jpg\" data-srcset=\"https:\/\/moissyfitness.com\/wp-content\/uploads\/2022\/08\/003.-ESPACE-BRODERIE-1200x600.jpg 1200w, https:\/\/moissyfitness.com\/wp-content\/uploads\/2022\/08\/003.-ESPACE-BRODERIE-2048x1024.jpg 2048w\" width=\"1200\" height=\"600\"  data-dt-location=\"https:\/\/moissyfitness.com\/index.php\/nous\/nos-partenaires\/003-espace-broderie\/\" alt=\"\" \/><\/a><\/div><\/div><\/div><div id=\"ultimate-heading-892069f2842763359\" class=\"uvc-heading ult-adjust-bottom-margin ultimate-heading-892069f2842763359 uvc-6551  uvc-heading-default-font-sizes\" data-hspacer=\"no_spacer\"  data-halign=\"left\" style=\"text-align:left\"><div class=\"uvc-heading-spacer no_spacer\" style=\"top\"><\/div><div class=\"uvc-main-heading ult-responsive\"  data-ultimate-target='.uvc-heading.ultimate-heading-892069f2842763359 h2'  data-responsive-json-new='{\"font-size\":\"\",\"line-height\":\"\"}' ><h2 style=\"--font-weight:theme;margin-bottom:20px;\">Espace Broderie<\/h2><\/div><div class=\"uvc-sub-heading ult-responsive\"  data-ultimate-target='.uvc-heading.ultimate-heading-892069f2842763359 .uvc-sub-heading '  data-responsive-json-new='{\"font-size\":\"\",\"line-height\":\"\"}'  style=\"font-weight:normal;margin-bottom:30px;\">Vous \u00eates \u00e0 la recherche d\u2019un sp\u00e9cialiste en mati\u00e8re de broderie ? Adressez-vous \u00e0 Espace Broderie Marquage, situ\u00e9 \u00e0 Pamfou (entre Melun et Montereau-Fault-Yonne). L\u2019entreprise vous propose ses services dans la personnalisation textile.<\/div><\/div><style type=\"text\/css\" data-type=\"the7_shortcodes-inline-css\">#default-btn-4dd1742ab7fd4bbf23e7ea76422cb830.ico-right-side > i {\n  margin-right: 0px;\n  margin-left: 8px;\n}\n#default-btn-4dd1742ab7fd4bbf23e7ea76422cb830 > i {\n  margin-right: 8px;\n}\n<\/style><a href=\"https:\/\/www.espace-broderie.fr\/\" class=\"default-btn-shortcode dt-btn dt-btn-m link-hover-off ico-right-side btn-inline-left \" target=\"_blank\" id=\"default-btn-4dd1742ab7fd4bbf23e7ea76422cb830\" rel=\"noopener\"><span>D\u00e9couvrir<\/span><i class=\"icomoon-the7-font-the7-link-02\"><\/i><\/a>[\/vc_column][\/vc_row][vc_row full_width=\u00a0\u00bbstretch_row_content_no_spaces\u00a0\u00bb equal_height=\u00a0\u00bbyes\u00a0\u00bb content_placement=\u00a0\u00bbtop\u00a0\u00bb el_class=\u00a0\u00bbreverse-row-on-mobile\u00a0\u00bb][vc_column width=\u00a0\u00bb1\/2&Prime; css=\u00a0\u00bb.vc_custom_1571571586508{padding: 50px !important;background-color: #fbfafa !important;}\u00a0\u00bb]<style type=\"text\/css\" data-type=\"the7_shortcodes-inline-css\">.shortcode-single-image-wrap.shortcode-single-image-b2825532a96207a694bdcc3087865c1f.enable-bg-rollover .rollover i,\n.shortcode-single-image-wrap.shortcode-single-image-b2825532a96207a694bdcc3087865c1f.enable-bg-rollover .rollover-video i {\n  background: -webkit-linear-gradient();\n  background: linear-gradient();\n}\n.shortcode-single-image-wrap.shortcode-single-image-b2825532a96207a694bdcc3087865c1f .rollover-icon {\n  font-size: 32px;\n  color: #ffffff;\n  min-width: 44px;\n  min-height: 44px;\n  line-height: 44px;\n  border-radius: 100px;\n  border-style: solid;\n  border-width: 0px;\n}\n.dt-icon-bg-on.shortcode-single-image-wrap.shortcode-single-image-b2825532a96207a694bdcc3087865c1f .rollover-icon {\n  background: rgba(255,255,255,0.3);\n  box-shadow: none;\n}\n<\/style><div class=\"shortcode-single-image-wrap shortcode-single-image-b2825532a96207a694bdcc3087865c1f alignnone  vc_custom_1660085134492 enable-bg-rollover dt-icon-bg-off\" ><div class=\"shortcode-single-image\"><div class=\"fancy-media-wrap\" style=\"\"><a href=\"\" class=\" layzr-bg rollover\" style=\"\" aria-label=\"Image\"><img loading=\"lazy\" decoding=\"async\" class=\"preload-me lazy-load\" src=\"data:image\/svg+xml,%3Csvg%20xmlns%3D&#39;http%3A%2F%2Fwww.w3.org%2F2000%2Fsvg&#39;%20viewBox%3D&#39;0%200%20710%20355&#39;%2F%3E\" data-src=\"https:\/\/moissyfitness.com\/wp-content\/uploads\/2022\/08\/Moissy-Cramayel-1-710x355.jpg\" data-srcset=\"https:\/\/moissyfitness.com\/wp-content\/uploads\/2022\/08\/Moissy-Cramayel-1-710x355.jpg 710w\" width=\"710\" height=\"355\"  data-dt-location=\"https:\/\/moissyfitness.com\/index.php\/nous\/nos-partenaires\/moissy-cramayel-2\/\" alt=\"\" \/><\/a><\/div><\/div><\/div><div id=\"ultimate-heading-783769f284276393a\" class=\"uvc-heading ult-adjust-bottom-margin ultimate-heading-783769f284276393a uvc-9257  uvc-heading-default-font-sizes\" data-hspacer=\"no_spacer\"  data-halign=\"left\" style=\"text-align:left\"><div class=\"uvc-heading-spacer no_spacer\" style=\"top\"><\/div><div class=\"uvc-main-heading ult-responsive\"  data-ultimate-target='.uvc-heading.ultimate-heading-783769f284276393a h2'  data-responsive-json-new='{\"font-size\":\"\",\"line-height\":\"\"}' ><h2 style=\"--font-weight:theme;margin-bottom:20px;\">Mairie de Moissy Cramayel - Maison des Associations<\/h2><\/div><div class=\"uvc-sub-heading ult-responsive\"  data-ultimate-target='.uvc-heading.ultimate-heading-783769f284276393a .uvc-sub-heading '  data-responsive-json-new='{\"font-size\":\"\",\"line-height\":\"\"}'  style=\"font-weight:normal;margin-bottom:30px;\"><span style=\"font-weight: 400;\">C\u2019est gr\u00e2ce au soutien sans faille de la mairie de Moissy-Cramayel, notamment via son service d\u00e9di\u00e9 \u201cLa Maison des Associations\u201d que nous pouvons aujourd\u2019hui continuer de vous proposer l\u2019ensemble de nos cours.<\/span><\/div><\/div><style type=\"text\/css\" data-type=\"the7_shortcodes-inline-css\">#default-btn-62ee814843cd6b3f90f1c7bb6b88c066.ico-right-side > i {\n  margin-right: 0px;\n  margin-left: 8px;\n}\n#default-btn-62ee814843cd6b3f90f1c7bb6b88c066 > i {\n  margin-right: 8px;\n}\n<\/style><a href=\"https:\/\/www.moissy-cramayel.fr\/\" class=\"default-btn-shortcode dt-btn dt-btn-m link-hover-off ico-right-side btn-inline-left \" target=\"_blank\" id=\"default-btn-62ee814843cd6b3f90f1c7bb6b88c066\" rel=\"noopener\"><span>D\u00e9couvrir<\/span><i class=\"icomoon-the7-font-the7-link-02\"><\/i><\/a>[\/vc_column][vc_column width=\u00a0\u00bb1\/2&Prime; css=\u00a0\u00bb.vc_custom_1571571688250{padding: 50px !important;background-color: #ececec !important;}\u00a0\u00bb]<style type=\"text\/css\" data-type=\"the7_shortcodes-inline-css\">.shortcode-single-image-wrap.shortcode-single-image-e12d1c021a4a5cd198b0c08da4912639.enable-bg-rollover .rollover i,\n.shortcode-single-image-wrap.shortcode-single-image-e12d1c021a4a5cd198b0c08da4912639.enable-bg-rollover .rollover-video i {\n  background: -webkit-linear-gradient();\n  background: linear-gradient();\n}\n.shortcode-single-image-wrap.shortcode-single-image-e12d1c021a4a5cd198b0c08da4912639 .rollover-icon {\n  font-size: 32px;\n  color: #ffffff;\n  min-width: 44px;\n  min-height: 44px;\n  line-height: 44px;\n  border-radius: 100px;\n  border-style: solid;\n  border-width: 0px;\n}\n.dt-icon-bg-on.shortcode-single-image-wrap.shortcode-single-image-e12d1c021a4a5cd198b0c08da4912639 .rollover-icon {\n  background: rgba(255,255,255,0.3);\n  box-shadow: none;\n}\n<\/style><div class=\"shortcode-single-image-wrap shortcode-single-image-e12d1c021a4a5cd198b0c08da4912639 alignnone  vc_custom_1660085543076 enable-bg-rollover dt-icon-bg-off\" ><div class=\"shortcode-single-image\"><div class=\"fancy-media-wrap\" style=\"\"><a href=\"\" class=\" layzr-bg rollover\" style=\"\" aria-label=\"Image\"><img loading=\"lazy\" decoding=\"async\" class=\"preload-me lazy-load\" src=\"data:image\/svg+xml,%3Csvg%20xmlns%3D&#39;http%3A%2F%2Fwww.w3.org%2F2000%2Fsvg&#39;%20viewBox%3D&#39;0%200%20984%20492&#39;%2F%3E\" data-src=\"https:\/\/moissyfitness.com\/wp-content\/uploads\/2022\/08\/les-objectifs-recrutement-du-credit-agricole-brie-picardie_b-984x492.jpg\" data-srcset=\"https:\/\/moissyfitness.com\/wp-content\/uploads\/2022\/08\/les-objectifs-recrutement-du-credit-agricole-brie-picardie_b-984x492.jpg 984w\" width=\"984\" height=\"492\"  data-dt-location=\"https:\/\/moissyfitness.com\/index.php\/nous\/nos-partenaires\/les-objectifs-recrutement-du-credit-agricole-brie-picardie_b\/\" alt=\"\" \/><\/a><\/div><\/div><\/div><div id=\"ultimate-heading-329569f2842763f4c\" class=\"uvc-heading ult-adjust-bottom-margin ultimate-heading-329569f2842763f4c uvc-7612  uvc-heading-default-font-sizes\" data-hspacer=\"no_spacer\"  data-halign=\"left\" style=\"text-align:left\"><div class=\"uvc-heading-spacer no_spacer\" style=\"top\"><\/div><div class=\"uvc-main-heading ult-responsive\"  data-ultimate-target='.uvc-heading.ultimate-heading-329569f2842763f4c h2'  data-responsive-json-new='{\"font-size\":\"\",\"line-height\":\"\"}' ><h2 style=\"--font-weight:theme;margin-bottom:20px;\">Cr\u00e9dit Agricole<\/h2><\/div><div class=\"uvc-sub-heading ult-responsive\"  data-ultimate-target='.uvc-heading.ultimate-heading-329569f2842763f4c .uvc-sub-heading '  data-responsive-json-new='{\"font-size\":\"\",\"line-height\":\"\"}'  style=\"font-weight:normal;margin-bottom:30px;\">G\u00e9rer votre argent en toute s\u00e9r\u00e9nit\u00e9, choisir une carte bancaire adapt\u00e9e \u00e0 vos besoins, garder un \u0153il sur votre compte \u00e0 tout moment et o\u00f9 que vous soyez, vous informer \u2026 D\u00e9couvrez tous les services que le Cr\u00e9dit Agricole peut vous proposer autour de votre compte bancaire.<\/div><\/div><style type=\"text\/css\" data-type=\"the7_shortcodes-inline-css\">#default-btn-c180f4cd25efa334682408686f41e6f8.ico-right-side > i {\n  margin-right: 0px;\n  margin-left: 8px;\n}\n#default-btn-c180f4cd25efa334682408686f41e6f8 > i {\n  margin-right: 8px;\n}\n<\/style><a href=\"https:\/\/www.credit-agricole.fr\/ca-briepicardie\/particulier.html\" class=\"default-btn-shortcode dt-btn dt-btn-m link-hover-off ico-right-side btn-inline-left \" id=\"default-btn-c180f4cd25efa334682408686f41e6f8\"><span>D\u00e9couvrir<\/span><i class=\"icomoon-the7-font-the7-link-02\"><\/i><\/a>[\/vc_column][\/vc_row]<\/p>\n","protected":false},"excerpt":{"rendered":"<p>[vc_row full_width=\u00a0\u00bbstretch_row_content_no_spaces\u00a0\u00bb equal_height=\u00a0\u00bbyes\u00a0\u00bb content_placement=\u00a0\u00bbtop\u00a0\u00bb][vc_column width=\u00a0\u00bb1\/2&Prime; css=\u00a0\u00bb.vc_custom_1571571461349{padding-top: 50px !important;padding-right: 50px !important;padding-bottom: 50px !important;padding-left: 50px !important;background-color: #ececec !important;}\u00a0\u00bb][\/vc_column][vc_column width=\u00a0\u00bb1\/2&Prime; css=\u00a0\u00bb.vc_custom_1571571538201{padding: 50px !important;background-color: #fbfafa !important;}\u00a0\u00bb][\/vc_column][\/vc_row][vc_row full_width=\u00a0\u00bbstretch_row_content_no_spaces\u00a0\u00bb equal_height=\u00a0\u00bbyes\u00a0\u00bb content_placement=\u00a0\u00bbtop\u00a0\u00bb el_class=\u00a0\u00bbreverse-row-on-mobile\u00a0\u00bb][vc_column width=\u00a0\u00bb1\/2&Prime; css=\u00a0\u00bb.vc_custom_1571571586508{padding: 50px !important;background-color: #fbfafa !important;}\u00a0\u00bb][\/vc_column][vc_column width=\u00a0\u00bb1\/2&Prime; css=\u00a0\u00bb.vc_custom_1571571688250{padding: 50px !important;background-color: #ececec !important;}\u00a0\u00bb][\/vc_column][\/vc_row]<\/p>\n","protected":false},"author":1,"featured_media":0,"parent":25,"menu_order":25,"comment_status":"closed","ping_status":"closed","template":"","meta":{"footnotes":""},"class_list":["post-637","page","type-page","status-publish","hentry","description-off"],"_links":{"self":[{"href":"https:\/\/moissyfitness.com\/index.php\/wp-json\/wp\/v2\/pages\/637","targetHints":{"allow":["GET"]}}],"collection":[{"href":"https:\/\/moissyfitness.com\/index.php\/wp-json\/wp\/v2\/pages"}],"about":[{"href":"https:\/\/moissyfitness.com\/index.php\/wp-json\/wp\/v2\/types\/page"}],"author":[{"embeddable":true,"href":"https:\/\/moissyfitness.com\/index.php\/wp-json\/wp\/v2\/users\/1"}],"replies":[{"embeddable":true,"href":"https:\/\/moissyfitness.com\/index.php\/wp-json\/wp\/v2\/comments?post=637"}],"version-history":[{"count":8,"href":"https:\/\/moissyfitness.com\/index.php\/wp-json\/wp\/v2\/pages\/637\/revisions"}],"predecessor-version":[{"id":1995,"href":"https:\/\/moissyfitness.com\/index.php\/wp-json\/wp\/v2\/pages\/637\/revisions\/1995"}],"up":[{"embeddable":true,"href":"https:\/\/moissyfitness.com\/index.php\/wp-json\/wp\/v2\/pages\/25"}],"wp:attachment":[{"href":"https:\/\/moissyfitness.com\/index.php\/wp-json\/wp\/v2\/media?parent=637"}],"curies":[{"name":"wp","href":"https:\/\/api.w.org\/{rel}","templated":true}]}}